{"id":308,"date":"2024-05-14T14:16:42","date_gmt":"2024-05-14T12:16:42","guid":{"rendered":"https:\/\/www.beratung-mrueegg.ch\/contact\/"},"modified":"2025-03-10T09:38:13","modified_gmt":"2025-03-10T08:38:13","slug":"contact","status":"publish","type":"page","link":"https:\/\/www.beratung-mrueegg.ch\/fr\/contact\/","title":{"rendered":"Contact"},"content":{"rendered":"\t\t<div data-elementor-type=\"wp-page\" data-elementor-id=\"308\" class=\"elementor elementor-308 elementor-99\" data-elementor-post-type=\"page\">\n\t\t\t\t<div class=\"elementor-element elementor-element-436ec35 e-flex e-con-boxed e-con e-parent\" data-id=\"436ec35\" data-element_type=\"container\" data-e-type=\"container\" data-settings=\"{&quot;background_background&quot;:&quot;classic&quot;}\">\n\t\t\t\t\t<div class=\"e-con-inner\">\n\t\t<div class=\"elementor-element elementor-element-571ff64 e-con-full e-flex e-con e-child\" data-id=\"571ff64\" data-element_type=\"container\" data-e-type=\"container\">\n\t\t\t\t<div class=\"elementor-element elementor-element-f3133c2 elementor-widget elementor-widget-heading\" data-id=\"f3133c2\" data-element_type=\"widget\" data-e-type=\"widget\" data-widget_type=\"heading.default\">\n\t\t\t\t<div class=\"elementor-widget-container\">\n\t\t\t\t\t<h1 class=\"elementor-heading-title elementor-size-default\">Contact<\/h1>\t\t\t\t<\/div>\n\t\t\t\t<\/div>\n\t\t\t\t<div class=\"elementor-element elementor-element-f7db882 elementor-widget elementor-widget-text-editor\" data-id=\"f7db882\" data-element_type=\"widget\" data-e-type=\"widget\" data-widget_type=\"text-editor.default\">\n\t\t\t\t<div class=\"elementor-widget-container\">\n\t\t\t\t\t\t\t\t\tContactez-moi pour des questions ou un rendez-vous\t\t\t\t\t\t\t\t<\/div>\n\t\t\t\t<\/div>\n\t\t\t\t<\/div>\n\t\t\t\t\t<\/div>\n\t\t\t\t<\/div>\n\t\t<div class=\"elementor-element elementor-element-4a1e5776 e-flex e-con-boxed e-con e-parent\" data-id=\"4a1e5776\" data-element_type=\"container\" data-e-type=\"container\" data-settings=\"{&quot;background_background&quot;:&quot;classic&quot;}\">\n\t\t\t\t\t<div class=\"e-con-inner\">\n\t\t<div class=\"elementor-element elementor-element-329e4062 e-con-full e-flex e-con e-child\" data-id=\"329e4062\" data-element_type=\"container\" data-e-type=\"container\">\n\t\t\t\t<div class=\"elementor-element elementor-element-f59efaf elementor-widget elementor-widget-heading\" data-id=\"f59efaf\" data-element_type=\"widget\" data-e-type=\"widget\" data-widget_type=\"heading.default\">\n\t\t\t\t<div class=\"elementor-widget-container\">\n\t\t\t\t\t<h2 class=\"elementor-heading-title elementor-size-default\">Adresse<\/h2>\t\t\t\t<\/div>\n\t\t\t\t<\/div>\n\t\t\t\t<div class=\"elementor-element elementor-element-76a5765 elementor-widget elementor-widget-text-editor\" data-id=\"76a5765\" data-element_type=\"widget\" data-e-type=\"widget\" data-widget_type=\"text-editor.default\">\n\t\t\t\t<div class=\"elementor-widget-container\">\n\t\t\t\t\t\t\t\t\t<p>Conseil psychologique<br \/>Michael R\u00fcegg<br \/>Rue du Nord 23<br \/>3960 Muraz \/ Sierre<\/p><p>T\u00e9l\u00e9phone : +41 78 710 76 25<br \/>E-Mail: info@beratung-mrueegg.ch<\/p>\t\t\t\t\t\t\t\t<\/div>\n\t\t\t\t<\/div>\n\t\t\t\t<\/div>\n\t\t\t\t\t<\/div>\n\t\t\t\t<\/div>\n\t\t<div class=\"elementor-element elementor-element-bbf2a4f e-flex e-con-boxed e-con e-parent\" data-id=\"bbf2a4f\" data-element_type=\"container\" data-e-type=\"container\" data-settings=\"{&quot;background_background&quot;:&quot;classic&quot;}\">\n\t\t\t\t\t<div class=\"e-con-inner\">\n\t\t<div class=\"elementor-element elementor-element-b5399e9 e-con-full e-flex e-con e-child\" data-id=\"b5399e9\" data-element_type=\"container\" data-e-type=\"container\">\n\t\t\t\t<div class=\"elementor-element elementor-element-bd7974f elementor-widget elementor-widget-text-editor\" data-id=\"bd7974f\" data-element_type=\"widget\" data-e-type=\"widget\" data-widget_type=\"text-editor.default\">\n\t\t\t\t<div class=\"elementor-widget-container\">\n\t\t\t\t\t\t\t\t\tVous avez une question ou vous souhaitez un rendez-vous ? Veuillez m\u2019appeler ou remplir le formulaire de contact. Je vous contacterai d\u00e8s que possible.\t\t\t\t\t\t\t\t<\/div>\n\t\t\t\t<\/div>\n\t\t\t\t<div class=\"elementor-element elementor-element-3d3e764 elementor-widget elementor-widget-shortcode\" data-id=\"3d3e764\" data-element_type=\"widget\" data-e-type=\"widget\" data-widget_type=\"shortcode.default\">\n\t\t\t\t<div class=\"elementor-widget-container\">\n\t\t\t\t\t\t\t<div class=\"elementor-shortcode\"><div class='fluentform ff-default fluentform_wrapper_4 ffs_default_wrap'><form data-form_id=\"4\" id=\"fluentform_4\" class=\"frm-fluent-form fluent_form_4 ff-el-form-top ff_form_instance_4_1 ff-form-loading ffs_default\" data-form_instance=\"ff_form_instance_4_1\" method=\"POST\" ><fieldset  style=\"border: none!important;margin: 0!important;padding: 0!important;background-color: transparent!important;box-shadow: none!important;outline: none!important; min-inline-size: 100%;\">\n                    <legend class=\"ff_screen_reader_title\" style=\"display: block; margin: 0!important;padding: 0!important;height: 0!important;text-indent: -999999px;width: 0!important;overflow:hidden;\">Kontaktformular - FRA<\/legend><input type='hidden' name='__fluent_form_embded_post_id' value='308' \/><input type=\"hidden\" id=\"_fluentform_4_fluentformnonce\" name=\"_fluentform_4_fluentformnonce\" value=\"f37c5cac9b\" \/><input type=\"hidden\" name=\"_wp_http_referer\" value=\"\/fr\/wp-json\/wp\/v2\/pages\/308\" \/><div data-name=\"ff_cn_id_1\"  class='ff-t-container ff-column-container ff_columns_total_1 '><div class='ff-t-cell ff-t-column-1' style='flex-basis: 100%;'><div class='ff-el-group'><div class=\"ff-el-input--label asterisk-right\"><label for='ff_4_dropdown' id='label_ff_4_dropdown' aria-label=\"Objet\">Objet<\/label><\/div><div class='ff-el-input--content'><select name=\"dropdown\" id=\"ff_4_dropdown\" class=\"ff-el-form-control\" data-name=\"dropdown\" data-calc_value=\"0\"  aria-invalid=\"false\" aria-required=\"false\" aria-labelledby=\"label_ff_4_dropdown\"><option value=\"\">Veuillez s\u00e9lectionner<\/option><option value=\"Demande g\u00e9n\u00e9rale\"  >Demande g\u00e9n\u00e9rale<\/option><option value=\"Prise de rendez-vous\"  >Prise de rendez-vous<\/option><\/select><\/div><\/div><div class='ff-el-group has-conditions'><div class=\"ff-el-input--label asterisk-right\"><label for='ff_4_input_text' id='label_ff_4_input_text' aria-label=\"Veuillez entrer la date de votre rendez-vous souhait\u00e9\">Veuillez entrer la date de votre rendez-vous souhait\u00e9<\/label><\/div><div class='ff-el-input--content'><input type=\"text\" name=\"input_text\" class=\"ff-el-form-control\" placeholder=\"La date\" data-name=\"input_text\" id=\"ff_4_input_text\"  aria-invalid=\"false\" aria-required=false><\/div><\/div><div data-type=\"name-element\" data-name=\"names\" class=\" ff-field_container ff-name-field-wrapper\" ><div class='ff-t-container'><div class='ff-t-cell '><div class='ff-el-group ff-el-form-top'><div class=\"ff-el-input--label asterisk-right\"><label for='ff_4_names_first_name_' id='label_ff_4_names_first_name_' >Pr\u00e9nom<\/label><\/div><div class='ff-el-input--content'><input type=\"text\" name=\"names[first_name]\" id=\"ff_4_names_first_name_\" class=\"ff-el-form-control\" placeholder=\"Pr\u00e9nom\" aria-invalid=\"false\" aria-required=false><\/div><\/div><\/div><div class='ff-t-cell '><div class='ff-el-group ff-el-form-top'><div class=\"ff-el-input--label asterisk-right\"><label for='ff_4_names_last_name_' id='label_ff_4_names_last_name_' >Nom<\/label><\/div><div class='ff-el-input--content'><input type=\"text\" name=\"names[last_name]\" id=\"ff_4_names_last_name_\" class=\"ff-el-form-control\" placeholder=\"Nom\" aria-invalid=\"false\" aria-required=false><\/div><\/div><\/div><\/div><\/div><div class='ff-el-group'><div class=\"ff-el-input--label asterisk-right\"><label for='ff_4_input_text_1' id='label_ff_4_input_text_1' aria-label=\"E-Mail\">E-Mail<\/label><\/div><div class='ff-el-input--content'><input type=\"text\" name=\"input_text_1\" class=\"ff-el-form-control\" placeholder=\"E-Mail\" data-name=\"input_text_1\" id=\"ff_4_input_text_1\"  aria-invalid=\"false\" aria-required=false><\/div><\/div><div class='ff-el-group'><div class=\"ff-el-input--label asterisk-right\"><label for='ff_4_input_text_2' id='label_ff_4_input_text_2' aria-label=\"T\u00e9l\u00e9phone\">T\u00e9l\u00e9phone<\/label><\/div><div class='ff-el-input--content'><input type=\"text\" name=\"input_text_2\" class=\"ff-el-form-control\" placeholder=\"T\u00e9l\u00e9phone\" data-name=\"input_text_2\" id=\"ff_4_input_text_2\"  aria-invalid=\"false\" aria-required=false><\/div><\/div><div class='ff-el-group'><div class=\"ff-el-input--label asterisk-right\"><label for='ff_4_description' id='label_ff_4_description' aria-label=\"Votre message\">Votre message<\/label><\/div><div class='ff-el-input--content'><textarea aria-required=\"false\" aria-labelledby=\"label_ff_4_description\" name=\"description\" id=\"ff_4_description\" class=\"ff-el-form-control\" placeholder=\"Votre message\" rows=\"3\" cols=\"2\" data-name=\"description\" ><\/textarea><\/div><\/div><\/div><\/div><div class='ff-el-group ff-text-left ff_submit_btn_wrapper'><button type=\"submit\" class=\"ff-btn ff-btn-submit ff-btn-md ff_btn_style\"  aria-label=\"Envoyer\">Envoyer<\/button><\/div><\/fieldset><\/form><div id='fluentform_4_errors' class='ff-errors-in-stack ff_form_instance_4_1 ff-form-loading_errors ff_form_instance_4_1_errors'><\/div><\/div>            <script type=\"text\/javascript\">\n                window.fluent_form_ff_form_instance_4_1 = {\"id\":\"4\",\"settings\":{\"layout\":{\"labelPlacement\":\"top\",\"helpMessagePlacement\":\"with_label\",\"errorMessagePlacement\":\"inline\",\"cssClassName\":\"\",\"asteriskPlacement\":\"asterisk-right\"},\"restrictions\":{\"denyEmptySubmission\":{\"enabled\":false}}},\"form_instance\":\"ff_form_instance_4_1\",\"form_id_selector\":\"fluentform_4\",\"rules\":{\"dropdown\":{\"required\":{\"value\":false,\"message\":\"Ce champ est obligatoire\",\"global_message\":\"Dieses Feld ist erforderlich\",\"global\":true}},\"input_text\":{\"required\":{\"value\":false,\"message\":\"Ce champ est obligatoire\",\"global_message\":\"Dieses Feld ist erforderlich\",\"global\":true}},\"names[first_name]\":{\"required\":{\"value\":false,\"message\":\"Ce champ est obligatoire\",\"global_message\":\"Dieses Feld ist erforderlich\",\"global\":true}},\"names[middle_name]\":{\"required\":{\"value\":false,\"message\":\"Ce champ est obligatoire\",\"global_message\":\"Dieses Feld ist erforderlich\",\"global\":true}},\"names[last_name]\":{\"required\":{\"value\":false,\"message\":\"Ce champ est obligatoire\",\"global_message\":\"Dieses Feld ist erforderlich\",\"global\":true}},\"input_text_1\":{\"required\":{\"value\":false,\"message\":\"Ce champ est obligatoire\",\"global_message\":\"Dieses Feld ist erforderlich\",\"global\":true}},\"input_text_2\":{\"required\":{\"value\":false,\"message\":\"Ce champ est obligatoire\",\"global_message\":\"Dieses Feld ist erforderlich\",\"global\":true}},\"description\":{\"required\":{\"value\":false,\"message\":\"Ce champ est obligatoire\",\"global_message\":\"Dieses Feld ist erforderlich\",\"global\":true}}},\"debounce_time\":300,\"conditionals\":{\"input_text\":{\"type\":\"any\",\"status\":true,\"conditions\":[{\"field\":\"dropdown\",\"value\":\"Prise de rendez-vous\",\"operator\":\"=\"}]}}};\n                            <\/script>\n            <\/div>\n\t\t\t\t\t\t<\/div>\n\t\t\t\t<\/div>\n\t\t\t\t<\/div>\n\t\t\t\t\t<\/div>\n\t\t\t\t<\/div>\n\t\t<div class=\"elementor-element elementor-element-7e363e8 e-flex e-con-boxed e-con e-parent\" data-id=\"7e363e8\" data-element_type=\"container\" data-e-type=\"container\">\n\t\t\t\t\t<div class=\"e-con-inner\">\n\t\t<a class=\"elementor-element elementor-element-f01498b e-con-full e-flex e-con e-child\" data-id=\"f01498b\" data-element_type=\"container\" data-e-type=\"container\" data-settings=\"{&quot;background_background&quot;:&quot;classic&quot;}\" href=\"https:\/\/www.beratung-mrueegg.ch\/fr\/\">\n\t\t\t\t<div class=\"elementor-element elementor-element-db73173 e-transform elementor-widget elementor-widget-text-editor\" data-id=\"db73173\" data-element_type=\"widget\" data-e-type=\"widget\" data-settings=\"{&quot;_transform_scale_effect_hover&quot;:{&quot;unit&quot;:&quot;px&quot;,&quot;size&quot;:1.1999999999999999555910790149937383830547332763671875,&quot;sizes&quot;:[]},&quot;_transform_scale_effect_hover_tablet&quot;:{&quot;unit&quot;:&quot;px&quot;,&quot;size&quot;:&quot;&quot;,&quot;sizes&quot;:[]},&quot;_transform_scale_effect_hover_mobile&quot;:{&quot;unit&quot;:&quot;px&quot;,&quot;size&quot;:&quot;&quot;,&quot;sizes&quot;:[]}}\" data-widget_type=\"text-editor.default\">\n\t\t\t\t<div class=\"elementor-widget-container\">\n\t\t\t\t\t\t\t\t\t<p>Accueil<\/p>\n\t\t\t\t\t\t\t\t<\/div>\n\t\t\t\t<\/div>\n\t\t\t\t<\/a>\n\t\t<a class=\"elementor-element elementor-element-64cfa13 e-con-full e-flex e-con e-child\" data-id=\"64cfa13\" data-element_type=\"container\" data-e-type=\"container\" data-settings=\"{&quot;background_background&quot;:&quot;classic&quot;}\" href=\"https:\/\/www.beratung-mrueegg.ch\/fr\/la-methode-herzselbst-intelligenz\/\">\n\t\t\t\t<div class=\"elementor-element elementor-element-313808d e-transform elementor-widget elementor-widget-text-editor\" data-id=\"313808d\" data-element_type=\"widget\" data-e-type=\"widget\" data-settings=\"{&quot;_transform_scale_effect_hover&quot;:{&quot;unit&quot;:&quot;px&quot;,&quot;size&quot;:1.1999999999999999555910790149937383830547332763671875,&quot;sizes&quot;:[]},&quot;_transform_scale_effect_hover_tablet&quot;:{&quot;unit&quot;:&quot;px&quot;,&quot;size&quot;:&quot;&quot;,&quot;sizes&quot;:[]},&quot;_transform_scale_effect_hover_mobile&quot;:{&quot;unit&quot;:&quot;px&quot;,&quot;size&quot;:&quot;&quot;,&quot;sizes&quot;:[]}}\" data-widget_type=\"text-editor.default\">\n\t\t\t\t<div class=\"elementor-widget-container\">\n\t\t\t\t\t\t\t\t\t<p>M\u00e9thode &amp; offre<\/p>\t\t\t\t\t\t\t\t<\/div>\n\t\t\t\t<\/div>\n\t\t\t\t<\/a>\n\t\t<a class=\"elementor-element elementor-element-081e86f e-con-full e-flex e-con e-child\" data-id=\"081e86f\" data-element_type=\"container\" data-e-type=\"container\" data-settings=\"{&quot;background_background&quot;:&quot;classic&quot;}\" href=\"https:\/\/www.beratung-mrueegg.ch\/fr\/a-propos-de-moi\/\">\n\t\t\t\t<div class=\"elementor-element elementor-element-b92b418 e-transform elementor-widget elementor-widget-text-editor\" data-id=\"b92b418\" data-element_type=\"widget\" data-e-type=\"widget\" data-settings=\"{&quot;_transform_scale_effect_hover&quot;:{&quot;unit&quot;:&quot;px&quot;,&quot;size&quot;:1.1999999999999999555910790149937383830547332763671875,&quot;sizes&quot;:[]},&quot;_transform_scale_effect_hover_tablet&quot;:{&quot;unit&quot;:&quot;px&quot;,&quot;size&quot;:&quot;&quot;,&quot;sizes&quot;:[]},&quot;_transform_scale_effect_hover_mobile&quot;:{&quot;unit&quot;:&quot;px&quot;,&quot;size&quot;:&quot;&quot;,&quot;sizes&quot;:[]}}\" data-widget_type=\"text-editor.default\">\n\t\t\t\t<div class=\"elementor-widget-container\">\n\t\t\t\t\t\t\t\t\t<p>A propos de moi<\/p>\t\t\t\t\t\t\t\t<\/div>\n\t\t\t\t<\/div>\n\t\t\t\t<\/a>\n\t\t\t\t\t<\/div>\n\t\t\t\t<\/div>\n\t\t\t\t<\/div>\n\t\t","protected":false},"excerpt":{"rendered":"<p>Contact Contactez-moi pour des questions ou un rendez-vous Adresse Conseil psychologiqueMichael R\u00fceggRue du Nord 233960 Muraz \/ Sierre T\u00e9l\u00e9phone : +41 78 710 76 25E-Mail: info@beratung-mrueegg.ch Vous avez une question ou vous souhaitez un rendez-vous ? Veuillez m\u2019appeler ou remplir le formulaire de contact. Je vous contacterai d\u00e8s que possible. Accueil M\u00e9thode &amp; offre A [&hellip;]<\/p>\n","protected":false},"author":1,"featured_media":0,"parent":0,"menu_order":0,"comment_status":"closed","ping_status":"closed","template":"","meta":{"footnotes":""},"class_list":["post-308","page","type-page","status-publish","hentry"],"yoast_head":"<!-- This site is optimized with the Yoast SEO plugin v27.3 - https:\/\/yoast.com\/product\/yoast-seo-wordpress\/ -->\n<title>Contact \u2013 Conseil psychosocial \u00e0 Sierre | M. R\u00fcegg<\/title>\n<meta name=\"description\" content=\"Contactez Michael R\u00fcegg pour un conseil psychosocial \u00e0 Sierre. Prenez rendez-vous par t\u00e9l\u00e9phone, e-mail ou via le formulaire de contact.\" \/>\n<meta name=\"robots\" content=\"index, follow, max-snippet:-1, max-image-preview:large, max-video-preview:-1\" \/>\n<link rel=\"canonical\" href=\"https:\/\/www.beratung-mrueegg.ch\/fr\/contact\/\" \/>\n<meta property=\"og:locale\" content=\"fr_FR\" \/>\n<meta property=\"og:type\" content=\"article\" \/>\n<meta property=\"og:title\" content=\"Contact \u2013 Conseil psychosocial \u00e0 Sierre | M. R\u00fcegg\" \/>\n<meta property=\"og:description\" content=\"Contactez Michael R\u00fcegg pour un conseil psychosocial \u00e0 Sierre. Prenez rendez-vous par t\u00e9l\u00e9phone, e-mail ou via le formulaire de contact.\" \/>\n<meta property=\"og:url\" content=\"https:\/\/www.beratung-mrueegg.ch\/fr\/contact\/\" \/>\n<meta property=\"og:site_name\" content=\"Psychosozialberatung Rueegg\" \/>\n<meta property=\"article:modified_time\" content=\"2025-03-10T08:38:13+00:00\" \/>\n<meta name=\"twitter:card\" content=\"summary_large_image\" \/>\n<meta name=\"twitter:label1\" content=\"Dur\u00e9e de lecture estim\u00e9e\" \/>\n\t<meta name=\"twitter:data1\" content=\"1 minute\" \/>\n<script type=\"application\/ld+json\" class=\"yoast-schema-graph\">{\"@context\":\"https:\\\/\\\/schema.org\",\"@graph\":[{\"@type\":\"WebPage\",\"@id\":\"https:\\\/\\\/www.beratung-mrueegg.ch\\\/fr\\\/contact\\\/\",\"url\":\"https:\\\/\\\/www.beratung-mrueegg.ch\\\/fr\\\/contact\\\/\",\"name\":\"Contact \u2013 Conseil psychosocial \u00e0 Sierre | M. R\u00fcegg\",\"isPartOf\":{\"@id\":\"https:\\\/\\\/www.beratung-mrueegg.ch\\\/fr\\\/#website\"},\"datePublished\":\"2024-05-14T12:16:42+00:00\",\"dateModified\":\"2025-03-10T08:38:13+00:00\",\"description\":\"Contactez Michael R\u00fcegg pour un conseil psychosocial \u00e0 Sierre. Prenez rendez-vous par t\u00e9l\u00e9phone, e-mail ou via le formulaire de contact.\",\"breadcrumb\":{\"@id\":\"https:\\\/\\\/www.beratung-mrueegg.ch\\\/fr\\\/contact\\\/#breadcrumb\"},\"inLanguage\":\"fr-FR\",\"potentialAction\":[{\"@type\":\"ReadAction\",\"target\":[\"https:\\\/\\\/www.beratung-mrueegg.ch\\\/fr\\\/contact\\\/\"]}]},{\"@type\":\"BreadcrumbList\",\"@id\":\"https:\\\/\\\/www.beratung-mrueegg.ch\\\/fr\\\/contact\\\/#breadcrumb\",\"itemListElement\":[{\"@type\":\"ListItem\",\"position\":1,\"name\":\"Startseite\",\"item\":\"https:\\\/\\\/www.beratung-mrueegg.ch\\\/fr\\\/\"},{\"@type\":\"ListItem\",\"position\":2,\"name\":\"Contact\"}]},{\"@type\":\"WebSite\",\"@id\":\"https:\\\/\\\/www.beratung-mrueegg.ch\\\/fr\\\/#website\",\"url\":\"https:\\\/\\\/www.beratung-mrueegg.ch\\\/fr\\\/\",\"name\":\"Psychosozialberatung Rueegg\",\"description\":\"Psychosoziale Beratung f\u00fcr pers\u00f6nliche Weiterentwicklung\",\"potentialAction\":[{\"@type\":\"SearchAction\",\"target\":{\"@type\":\"EntryPoint\",\"urlTemplate\":\"https:\\\/\\\/www.beratung-mrueegg.ch\\\/fr\\\/?s={search_term_string}\"},\"query-input\":{\"@type\":\"PropertyValueSpecification\",\"valueRequired\":true,\"valueName\":\"search_term_string\"}}],\"inLanguage\":\"fr-FR\"}]}<\/script>\n<!-- \/ Yoast SEO plugin. -->","yoast_head_json":{"title":"Contact \u2013 Conseil psychosocial \u00e0 Sierre | M. R\u00fcegg","description":"Contactez Michael R\u00fcegg pour un conseil psychosocial \u00e0 Sierre. Prenez rendez-vous par t\u00e9l\u00e9phone, e-mail ou via le formulaire de contact.","robots":{"index":"index","follow":"follow","max-snippet":"max-snippet:-1","max-image-preview":"max-image-preview:large","max-video-preview":"max-video-preview:-1"},"canonical":"https:\/\/www.beratung-mrueegg.ch\/fr\/contact\/","og_locale":"fr_FR","og_type":"article","og_title":"Contact \u2013 Conseil psychosocial \u00e0 Sierre | M. R\u00fcegg","og_description":"Contactez Michael R\u00fcegg pour un conseil psychosocial \u00e0 Sierre. Prenez rendez-vous par t\u00e9l\u00e9phone, e-mail ou via le formulaire de contact.","og_url":"https:\/\/www.beratung-mrueegg.ch\/fr\/contact\/","og_site_name":"Psychosozialberatung Rueegg","article_modified_time":"2025-03-10T08:38:13+00:00","twitter_card":"summary_large_image","twitter_misc":{"Dur\u00e9e de lecture estim\u00e9e":"1 minute"},"schema":{"@context":"https:\/\/schema.org","@graph":[{"@type":"WebPage","@id":"https:\/\/www.beratung-mrueegg.ch\/fr\/contact\/","url":"https:\/\/www.beratung-mrueegg.ch\/fr\/contact\/","name":"Contact \u2013 Conseil psychosocial \u00e0 Sierre | M. R\u00fcegg","isPartOf":{"@id":"https:\/\/www.beratung-mrueegg.ch\/fr\/#website"},"datePublished":"2024-05-14T12:16:42+00:00","dateModified":"2025-03-10T08:38:13+00:00","description":"Contactez Michael R\u00fcegg pour un conseil psychosocial \u00e0 Sierre. Prenez rendez-vous par t\u00e9l\u00e9phone, e-mail ou via le formulaire de contact.","breadcrumb":{"@id":"https:\/\/www.beratung-mrueegg.ch\/fr\/contact\/#breadcrumb"},"inLanguage":"fr-FR","potentialAction":[{"@type":"ReadAction","target":["https:\/\/www.beratung-mrueegg.ch\/fr\/contact\/"]}]},{"@type":"BreadcrumbList","@id":"https:\/\/www.beratung-mrueegg.ch\/fr\/contact\/#breadcrumb","itemListElement":[{"@type":"ListItem","position":1,"name":"Startseite","item":"https:\/\/www.beratung-mrueegg.ch\/fr\/"},{"@type":"ListItem","position":2,"name":"Contact"}]},{"@type":"WebSite","@id":"https:\/\/www.beratung-mrueegg.ch\/fr\/#website","url":"https:\/\/www.beratung-mrueegg.ch\/fr\/","name":"Psychosozialberatung Rueegg","description":"Psychosoziale Beratung f\u00fcr pers\u00f6nliche Weiterentwicklung","potentialAction":[{"@type":"SearchAction","target":{"@type":"EntryPoint","urlTemplate":"https:\/\/www.beratung-mrueegg.ch\/fr\/?s={search_term_string}"},"query-input":{"@type":"PropertyValueSpecification","valueRequired":true,"valueName":"search_term_string"}}],"inLanguage":"fr-FR"}]}},"_links":{"self":[{"href":"https:\/\/www.beratung-mrueegg.ch\/fr\/wp-json\/wp\/v2\/pages\/308","targetHints":{"allow":["GET"]}}],"collection":[{"href":"https:\/\/www.beratung-mrueegg.ch\/fr\/wp-json\/wp\/v2\/pages"}],"about":[{"href":"https:\/\/www.beratung-mrueegg.ch\/fr\/wp-json\/wp\/v2\/types\/page"}],"author":[{"embeddable":true,"href":"https:\/\/www.beratung-mrueegg.ch\/fr\/wp-json\/wp\/v2\/users\/1"}],"replies":[{"embeddable":true,"href":"https:\/\/www.beratung-mrueegg.ch\/fr\/wp-json\/wp\/v2\/comments?post=308"}],"version-history":[{"count":16,"href":"https:\/\/www.beratung-mrueegg.ch\/fr\/wp-json\/wp\/v2\/pages\/308\/revisions"}],"predecessor-version":[{"id":645,"href":"https:\/\/www.beratung-mrueegg.ch\/fr\/wp-json\/wp\/v2\/pages\/308\/revisions\/645"}],"wp:attachment":[{"href":"https:\/\/www.beratung-mrueegg.ch\/fr\/wp-json\/wp\/v2\/media?parent=308"}],"curies":[{"name":"wp","href":"https:\/\/api.w.org\/{rel}","templated":true}]}}