{"id":531,"date":"2024-09-02T13:40:32","date_gmt":"2024-09-02T11:40:32","guid":{"rendered":"https:\/\/www.beratung-mrueegg.ch\/?page_id=531"},"modified":"2024-09-23T10:05:46","modified_gmt":"2024-09-23T08:05:46","slug":"conditions-generales","status":"publish","type":"page","link":"https:\/\/www.beratung-mrueegg.ch\/fr\/conditions-generales\/","title":{"rendered":"Conditions G\u00e9n\u00e9rales"},"content":{"rendered":"\t\t<div data-elementor-type=\"wp-page\" data-elementor-id=\"531\" class=\"elementor elementor-531 elementor-529\" data-elementor-post-type=\"page\">\n\t\t\t\t<div class=\"elementor-element elementor-element-436ec35 e-flex e-con-boxed e-con e-parent\" data-id=\"436ec35\" data-element_type=\"container\" data-e-type=\"container\" data-settings=\"{&quot;background_background&quot;:&quot;classic&quot;}\">\n\t\t\t\t\t<div class=\"e-con-inner\">\n\t\t<div class=\"elementor-element elementor-element-571ff64 e-con-full e-flex e-con e-child\" data-id=\"571ff64\" data-element_type=\"container\" data-e-type=\"container\">\n\t\t\t\t<div class=\"elementor-element elementor-element-f3133c2 elementor-widget elementor-widget-heading\" data-id=\"f3133c2\" data-element_type=\"widget\" data-e-type=\"widget\" data-widget_type=\"heading.default\">\n\t\t\t\t<div class=\"elementor-widget-container\">\n\t\t\t\t\t<h1 class=\"elementor-heading-title elementor-size-default\">Conditions G\u00e9n\u00e9rales<\/h1>\t\t\t\t<\/div>\n\t\t\t\t<\/div>\n\t\t\t\t<\/div>\n\t\t\t\t\t<\/div>\n\t\t\t\t<\/div>\n\t\t<div class=\"elementor-element elementor-element-231bbe7c e-flex e-con-boxed e-con e-parent\" data-id=\"231bbe7c\" data-element_type=\"container\" data-e-type=\"container\" data-settings=\"{&quot;background_background&quot;:&quot;classic&quot;}\">\n\t\t\t\t\t<div class=\"e-con-inner\">\n\t\t<div class=\"elementor-element elementor-element-30585059 e-con-full e-flex e-con e-child\" data-id=\"30585059\" data-element_type=\"container\" data-e-type=\"container\">\n\t\t\t\t<div class=\"elementor-element elementor-element-f59efaf elementor-widget elementor-widget-heading\" data-id=\"f59efaf\" data-element_type=\"widget\" data-e-type=\"widget\" data-widget_type=\"heading.default\">\n\t\t\t\t<div class=\"elementor-widget-container\">\n\t\t\t\t\t<h2 class=\"elementor-heading-title elementor-size-default\">Champ d'application<\/h2>\t\t\t\t<\/div>\n\t\t\t\t<\/div>\n\t\t\t\t<div class=\"elementor-element elementor-element-55067d8a elementor-widget elementor-widget-text-editor\" data-id=\"55067d8a\" data-element_type=\"widget\" data-e-type=\"widget\" data-widget_type=\"text-editor.default\">\n\t\t\t\t<div class=\"elementor-widget-container\">\n\t\t\t\t\t\t\t\t\t<p>Ces conditions g\u00e9n\u00e9rales (CG) s\u2019appliquent \u00e0 toutes les s\u00e9ances d\u2019accompagnement Psychosocial avec M. R\u00fcegg (ci-apr\u00e8s \u00abconseiller\u00bb) et des particuliers (ci-apr\u00e8s \u00abclient\u00bb).<br \/>En engageant le conseiller, le client accepte ces CG.<\/p>\t\t\t\t\t\t\t\t<\/div>\n\t\t\t\t<\/div>\n\t\t\t\t<\/div>\n\t\t\t\t\t<\/div>\n\t\t\t\t<\/div>\n\t\t<div class=\"elementor-element elementor-element-ca85bd4 e-flex e-con-boxed e-con e-parent\" data-id=\"ca85bd4\" data-element_type=\"container\" data-e-type=\"container\" data-settings=\"{&quot;background_background&quot;:&quot;classic&quot;}\">\n\t\t\t\t\t<div class=\"e-con-inner\">\n\t\t<div class=\"elementor-element elementor-element-125f897 e-con-full e-flex e-con e-child\" data-id=\"125f897\" data-element_type=\"container\" data-e-type=\"container\">\n\t\t\t\t<div class=\"elementor-element elementor-element-88ef2ca elementor-widget elementor-widget-heading\" data-id=\"88ef2ca\" data-element_type=\"widget\" data-e-type=\"widget\" data-widget_type=\"heading.default\">\n\t\t\t\t<div class=\"elementor-widget-container\">\n\t\t\t\t\t<h2 class=\"elementor-heading-title elementor-size-default\">Objet du contrat<\/h2>\t\t\t\t<\/div>\n\t\t\t\t<\/div>\n\t\t\t\t<div class=\"elementor-element elementor-element-3a61bb4 elementor-widget elementor-widget-text-editor\" data-id=\"3a61bb4\" data-element_type=\"widget\" data-e-type=\"widget\" data-widget_type=\"text-editor.default\">\n\t\t\t\t<div class=\"elementor-widget-container\">\n\t\t\t\t\t\t\t\t\t<p>Le conseiller fournit des services d\u2019accompagnement psychosocial. Ces services visent \u00e0 soutenir et \u00e0 promouvoir le d\u00e9veloppement personnel et \u00e9motionnel du client. L\u2019accompagnement ne doit en aucun cas \u00eatre consid\u00e9r\u00e9 comme un substitut \u00e0 un traitement psychoth\u00e9rapeutique ou m\u00e9dical.<\/p>\t\t\t\t\t\t\t\t<\/div>\n\t\t\t\t<\/div>\n\t\t\t\t<\/div>\n\t\t\t\t\t<\/div>\n\t\t\t\t<\/div>\n\t\t<div class=\"elementor-element elementor-element-085de47 e-flex e-con-boxed e-con e-parent\" data-id=\"085de47\" data-element_type=\"container\" data-e-type=\"container\" data-settings=\"{&quot;background_background&quot;:&quot;classic&quot;}\">\n\t\t\t\t\t<div class=\"e-con-inner\">\n\t\t<div class=\"elementor-element elementor-element-7df6a3f e-con-full e-flex e-con e-child\" data-id=\"7df6a3f\" data-element_type=\"container\" data-e-type=\"container\">\n\t\t\t\t<div class=\"elementor-element elementor-element-4d9ed07 elementor-widget elementor-widget-heading\" data-id=\"4d9ed07\" data-element_type=\"widget\" data-e-type=\"widget\" data-widget_type=\"heading.default\">\n\t\t\t\t<div class=\"elementor-widget-container\">\n\t\t\t\t\t<h2 class=\"elementor-heading-title elementor-size-default\">Conclusion du contrat<\/h2>\t\t\t\t<\/div>\n\t\t\t\t<\/div>\n\t\t\t\t<div class=\"elementor-element elementor-element-4a93f8f elementor-widget elementor-widget-text-editor\" data-id=\"4a93f8f\" data-element_type=\"widget\" data-e-type=\"widget\" data-widget_type=\"text-editor.default\">\n\t\t\t\t<div class=\"elementor-widget-container\">\n\t\t\t\t\t\t\t\t\t<p>Un contrat d\u2019accompagnement est conclu d\u00e8s que le client accepte l\u2019offre du conseiller et r\u00e9serve une s\u00e9ance. L\u2019acceptation peut \u00eatre faite oralement, par \u00e9crit ou sous forme \u00e9lectronique.<\/p>\t\t\t\t\t\t\t\t<\/div>\n\t\t\t\t<\/div>\n\t\t\t\t<\/div>\n\t\t\t\t\t<\/div>\n\t\t\t\t<\/div>\n\t\t<div class=\"elementor-element elementor-element-bcdae45 e-flex e-con-boxed e-con e-parent\" data-id=\"bcdae45\" data-element_type=\"container\" data-e-type=\"container\" data-settings=\"{&quot;background_background&quot;:&quot;classic&quot;}\">\n\t\t\t\t\t<div class=\"e-con-inner\">\n\t\t<div class=\"elementor-element elementor-element-b908b11 e-con-full e-flex e-con e-child\" data-id=\"b908b11\" data-element_type=\"container\" data-e-type=\"container\">\n\t\t\t\t<div class=\"elementor-element elementor-element-25443e4 elementor-widget elementor-widget-heading\" data-id=\"25443e4\" data-element_type=\"widget\" data-e-type=\"widget\" data-widget_type=\"heading.default\">\n\t\t\t\t<div class=\"elementor-widget-container\">\n\t\t\t\t\t<h2 class=\"elementor-heading-title elementor-size-default\">Tarifs et conditions de paiement<\/h2>\t\t\t\t<\/div>\n\t\t\t\t<\/div>\n\t\t\t\t<div class=\"elementor-element elementor-element-c0ae08b elementor-widget elementor-widget-text-editor\" data-id=\"c0ae08b\" data-element_type=\"widget\" data-e-type=\"widget\" data-widget_type=\"text-editor.default\">\n\t\t\t\t<div class=\"elementor-widget-container\">\n\t\t\t\t\t\t\t\t\t<p>Les tarifs pour les services d\u2019accompagnement sont visibles sur notre site web et sont consid\u00e9r\u00e9s, sauf indication contraire, comme des prix finaux incluant toutes les taxes. Le paiement est d\u00fb \u00e0 la fin de chaque s\u00e9ance.<\/p>\t\t\t\t\t\t\t\t<\/div>\n\t\t\t\t<\/div>\n\t\t\t\t<\/div>\n\t\t\t\t\t<\/div>\n\t\t\t\t<\/div>\n\t\t<div class=\"elementor-element elementor-element-150f7ca e-flex e-con-boxed e-con e-parent\" data-id=\"150f7ca\" data-element_type=\"container\" data-e-type=\"container\" data-settings=\"{&quot;background_background&quot;:&quot;classic&quot;}\">\n\t\t\t\t\t<div class=\"e-con-inner\">\n\t\t<div class=\"elementor-element elementor-element-b137f7a e-con-full e-flex e-con e-child\" data-id=\"b137f7a\" data-element_type=\"container\" data-e-type=\"container\">\n\t\t\t\t<div class=\"elementor-element elementor-element-6cc0089 elementor-widget elementor-widget-heading\" data-id=\"6cc0089\" data-element_type=\"widget\" data-e-type=\"widget\" data-widget_type=\"heading.default\">\n\t\t\t\t<div class=\"elementor-widget-container\">\n\t\t\t\t\t<h2 class=\"elementor-heading-title elementor-size-default\">Annulation et report de rendez-vous<\/h2>\t\t\t\t<\/div>\n\t\t\t\t<\/div>\n\t\t\t\t<div class=\"elementor-element elementor-element-8aa85ea elementor-widget elementor-widget-text-editor\" data-id=\"8aa85ea\" data-element_type=\"widget\" data-e-type=\"widget\" data-widget_type=\"text-editor.default\">\n\t\t\t\t<div class=\"elementor-widget-container\">\n\t\t\t\t\t\t\t\t\t<p>Les rendez-vous convenus sont contractuels. Si le client ne peut pas se pr\u00e9senter \u00e0 un rendez-vous, l\u2019annulation ou le report sont possibles sans frais jusqu\u2019\u00e0 24 heures avant l\u2019heure convenue. Si l\u2019annulation ou le report intervient plus tard, le tarif complet de la s\u00e9ance pr\u00e9vue est du.<\/p>\t\t\t\t\t\t\t\t<\/div>\n\t\t\t\t<\/div>\n\t\t\t\t<\/div>\n\t\t\t\t\t<\/div>\n\t\t\t\t<\/div>\n\t\t<div class=\"elementor-element elementor-element-4ffb111 e-flex e-con-boxed e-con e-parent\" data-id=\"4ffb111\" data-element_type=\"container\" data-e-type=\"container\" data-settings=\"{&quot;background_background&quot;:&quot;classic&quot;}\">\n\t\t\t\t\t<div class=\"e-con-inner\">\n\t\t<div class=\"elementor-element elementor-element-8aac734 e-con-full e-flex e-con e-child\" data-id=\"8aac734\" data-element_type=\"container\" data-e-type=\"container\">\n\t\t\t\t<div class=\"elementor-element elementor-element-b04190e elementor-widget elementor-widget-heading\" data-id=\"b04190e\" data-element_type=\"widget\" data-e-type=\"widget\" data-widget_type=\"heading.default\">\n\t\t\t\t<div class=\"elementor-widget-container\">\n\t\t\t\t\t<h2 class=\"elementor-heading-title elementor-size-default\">Confidentialit\u00e9<\/h2>\t\t\t\t<\/div>\n\t\t\t\t<\/div>\n\t\t\t\t<div class=\"elementor-element elementor-element-ce12c5e elementor-widget elementor-widget-text-editor\" data-id=\"ce12c5e\" data-element_type=\"widget\" data-e-type=\"widget\" data-widget_type=\"text-editor.default\">\n\t\t\t\t<div class=\"elementor-widget-container\">\n\t\t\t\t\t\t\t\t\t<p>Le conseiller s\u2019engage \u00e0 traiter toutes les informations re\u00e7ues dans le cadre du conseil de mani\u00e8re confidentielle. Une transmission \u00e0 des tiers n\u2019a lieu qu\u2019avec l\u2019accord expr\u00e8s du client ou dans le cadre des obligations l\u00e9gales de divulgation. Cette obligation de confidentialit\u00e9 demeure m\u00eame lorsque la relation d\u2019accompagnement est termin\u00e9e.<\/p>\t\t\t\t\t\t\t\t<\/div>\n\t\t\t\t<\/div>\n\t\t\t\t<\/div>\n\t\t\t\t\t<\/div>\n\t\t\t\t<\/div>\n\t\t<div class=\"elementor-element elementor-element-f436550 e-flex e-con-boxed e-con e-parent\" data-id=\"f436550\" data-element_type=\"container\" data-e-type=\"container\" data-settings=\"{&quot;background_background&quot;:&quot;classic&quot;}\">\n\t\t\t\t\t<div class=\"e-con-inner\">\n\t\t<div class=\"elementor-element elementor-element-d4ce177 e-con-full e-flex e-con e-child\" data-id=\"d4ce177\" data-element_type=\"container\" data-e-type=\"container\">\n\t\t\t\t<div class=\"elementor-element elementor-element-610ada8 elementor-widget elementor-widget-heading\" data-id=\"610ada8\" data-element_type=\"widget\" data-e-type=\"widget\" data-widget_type=\"heading.default\">\n\t\t\t\t<div class=\"elementor-widget-container\">\n\t\t\t\t\t<h2 class=\"elementor-heading-title elementor-size-default\">Responsabilit\u00e9<\/h2>\t\t\t\t<\/div>\n\t\t\t\t<\/div>\n\t\t\t\t<div class=\"elementor-element elementor-element-7f36bf9 elementor-widget elementor-widget-text-editor\" data-id=\"7f36bf9\" data-element_type=\"widget\" data-e-type=\"widget\" data-widget_type=\"text-editor.default\">\n\t\t\t\t<div class=\"elementor-widget-container\">\n\t\t\t\t\t\t\t\t\tLe conseiller d\u00e9cline toute responsabilit\u00e9 pour les dommages qui peuvent r\u00e9sulter dans le cadre de l\u2019accompagnement psychosocial R\u00fcegg. En particulier, le conseiller ne peut \u00eatre tenu responsable de l\u2019aggravation de la situation de sant\u00e9 du client si ce dernier a omis de fournir des informations importantes concernant son \u00e9tat de sant\u00e9 ou psychologique. De plus, le conseiller d\u00e9cline toute responsabilit\u00e9 pour les dommages caus\u00e9s par le client lui-m\u00eame ou r\u00e9sultant de la mise en \u0153uvre inad\u00e9quate des recommandations de conseil.\t\t\t\t\t\t\t\t<\/div>\n\t\t\t\t<\/div>\n\t\t\t\t<\/div>\n\t\t\t\t\t<\/div>\n\t\t\t\t<\/div>\n\t\t<div class=\"elementor-element elementor-element-8296a4f e-flex e-con-boxed e-con e-parent\" data-id=\"8296a4f\" data-element_type=\"container\" data-e-type=\"container\" data-settings=\"{&quot;background_background&quot;:&quot;classic&quot;}\">\n\t\t\t\t\t<div class=\"e-con-inner\">\n\t\t<div class=\"elementor-element elementor-element-f6a9ae0 e-con-full e-flex e-con e-child\" data-id=\"f6a9ae0\" data-element_type=\"container\" data-e-type=\"container\">\n\t\t\t\t<div class=\"elementor-element elementor-element-e212292 elementor-widget elementor-widget-heading\" data-id=\"e212292\" data-element_type=\"widget\" data-e-type=\"widget\" data-widget_type=\"heading.default\">\n\t\t\t\t<div class=\"elementor-widget-container\">\n\t\t\t\t\t<h2 class=\"elementor-heading-title elementor-size-default\">Dispositions finales<\/h2>\t\t\t\t<\/div>\n\t\t\t\t<\/div>\n\t\t\t\t<div class=\"elementor-element elementor-element-b822775 elementor-widget elementor-widget-text-editor\" data-id=\"b822775\" data-element_type=\"widget\" data-e-type=\"widget\" data-widget_type=\"text-editor.default\">\n\t\t\t\t<div class=\"elementor-widget-container\">\n\t\t\t\t\t\t\t\t\t<p>Le conseiller se r\u00e9serve le droit de modifier les prix et ces CG \u00e0 tout moment sans pr\u00e9avis. Si une disposition de ces CG est jug\u00e9e invalide, la validit\u00e9 des autres dispositions n\u2019est pas affect\u00e9e.<br \/>Le droit suisse est applicable.<\/p>\t\t\t\t\t\t\t\t<\/div>\n\t\t\t\t<\/div>\n\t\t\t\t<\/div>\n\t\t\t\t\t<\/div>\n\t\t\t\t<\/div>\n\t\t<div class=\"elementor-element elementor-element-7e363e8 e-flex e-con-boxed e-con e-parent\" data-id=\"7e363e8\" data-element_type=\"container\" data-e-type=\"container\">\n\t\t\t\t\t<div class=\"e-con-inner\">\n\t\t<a class=\"elementor-element elementor-element-f01498b e-con-full e-flex e-con e-child\" data-id=\"f01498b\" data-element_type=\"container\" data-e-type=\"container\" data-settings=\"{&quot;background_background&quot;:&quot;classic&quot;}\" href=\"https:\/\/www.beratung-mrueegg.ch\/fr\/\">\n\t\t\t\t<div class=\"elementor-element elementor-element-db73173 e-transform elementor-widget elementor-widget-text-editor\" data-id=\"db73173\" data-element_type=\"widget\" data-e-type=\"widget\" data-settings=\"{&quot;_transform_scale_effect_hover&quot;:{&quot;unit&quot;:&quot;px&quot;,&quot;size&quot;:1.1999999999999999555910790149937383830547332763671875,&quot;sizes&quot;:[]},&quot;_transform_scale_effect_hover_tablet&quot;:{&quot;unit&quot;:&quot;px&quot;,&quot;size&quot;:&quot;&quot;,&quot;sizes&quot;:[]},&quot;_transform_scale_effect_hover_mobile&quot;:{&quot;unit&quot;:&quot;px&quot;,&quot;size&quot;:&quot;&quot;,&quot;sizes&quot;:[]}}\" data-widget_type=\"text-editor.default\">\n\t\t\t\t<div class=\"elementor-widget-container\">\n\t\t\t\t\t\t\t\t\t<p>Accueil<\/p>\n\t\t\t\t\t\t\t\t<\/div>\n\t\t\t\t<\/div>\n\t\t\t\t<\/a>\n\t\t<a class=\"elementor-element elementor-element-64cfa13 e-con-full e-flex e-con e-child\" data-id=\"64cfa13\" data-element_type=\"container\" data-e-type=\"container\" data-settings=\"{&quot;background_background&quot;:&quot;classic&quot;}\" href=\"https:\/\/www.beratung-mrueegg.ch\/fr\/a-propos-de-moi\/\">\n\t\t\t\t<div class=\"elementor-element elementor-element-313808d e-transform elementor-widget elementor-widget-text-editor\" data-id=\"313808d\" data-element_type=\"widget\" data-e-type=\"widget\" data-settings=\"{&quot;_transform_scale_effect_hover&quot;:{&quot;unit&quot;:&quot;px&quot;,&quot;size&quot;:1.1999999999999999555910790149937383830547332763671875,&quot;sizes&quot;:[]},&quot;_transform_scale_effect_hover_tablet&quot;:{&quot;unit&quot;:&quot;px&quot;,&quot;size&quot;:&quot;&quot;,&quot;sizes&quot;:[]},&quot;_transform_scale_effect_hover_mobile&quot;:{&quot;unit&quot;:&quot;px&quot;,&quot;size&quot;:&quot;&quot;,&quot;sizes&quot;:[]}}\" data-widget_type=\"text-editor.default\">\n\t\t\t\t<div class=\"elementor-widget-container\">\n\t\t\t\t\t\t\t\t\t<p>\u00c0 propos de moi<\/p>\n\t\t\t\t\t\t\t\t<\/div>\n\t\t\t\t<\/div>\n\t\t\t\t<\/a>\n\t\t<a class=\"elementor-element elementor-element-081e86f e-con-full e-flex e-con e-child\" data-id=\"081e86f\" data-element_type=\"container\" data-e-type=\"container\" data-settings=\"{&quot;background_background&quot;:&quot;classic&quot;}\" href=\"https:\/\/www.beratung-mrueegg.ch\/fr\/contact\/\">\n\t\t\t\t<div class=\"elementor-element elementor-element-b92b418 e-transform elementor-widget elementor-widget-text-editor\" data-id=\"b92b418\" data-element_type=\"widget\" data-e-type=\"widget\" data-settings=\"{&quot;_transform_scale_effect_hover&quot;:{&quot;unit&quot;:&quot;px&quot;,&quot;size&quot;:1.1999999999999999555910790149937383830547332763671875,&quot;sizes&quot;:[]},&quot;_transform_scale_effect_hover_tablet&quot;:{&quot;unit&quot;:&quot;px&quot;,&quot;size&quot;:&quot;&quot;,&quot;sizes&quot;:[]},&quot;_transform_scale_effect_hover_mobile&quot;:{&quot;unit&quot;:&quot;px&quot;,&quot;size&quot;:&quot;&quot;,&quot;sizes&quot;:[]}}\" data-widget_type=\"text-editor.default\">\n\t\t\t\t<div class=\"elementor-widget-container\">\n\t\t\t\t\t\t\t\t\t<p>Contact<\/p>\n\t\t\t\t\t\t\t\t<\/div>\n\t\t\t\t<\/div>\n\t\t\t\t<\/a>\n\t\t\t\t\t<\/div>\n\t\t\t\t<\/div>\n\t\t\t\t<\/div>\n\t\t","protected":false},"excerpt":{"rendered":"<p>Conditions G\u00e9n\u00e9rales Champ d&rsquo;application Ces conditions g\u00e9n\u00e9rales (CG) s\u2019appliquent \u00e0 toutes les s\u00e9ances d\u2019accompagnement Psychosocial avec M. R\u00fcegg (ci-apr\u00e8s \u00abconseiller\u00bb) et des particuliers (ci-apr\u00e8s \u00abclient\u00bb).En engageant le conseiller, le client accepte ces CG. Objet du contrat Le conseiller fournit des services d\u2019accompagnement psychosocial. Ces services visent \u00e0 soutenir et \u00e0 promouvoir le d\u00e9veloppement personnel et [&hellip;]<\/p>\n","protected":false},"author":1,"featured_media":0,"parent":0,"menu_order":0,"comment_status":"closed","ping_status":"closed","template":"","meta":{"footnotes":""},"class_list":["post-531","page","type-page","status-publish","hentry"],"yoast_head":"<!-- This site is optimized with the Yoast SEO plugin v27.3 - https:\/\/yoast.com\/product\/yoast-seo-wordpress\/ -->\n<title>Conditions G\u00e9n\u00e9rales - Psychosozialberatung Rueegg<\/title>\n<meta name=\"robots\" content=\"index, follow, max-snippet:-1, max-image-preview:large, max-video-preview:-1\" \/>\n<link rel=\"canonical\" href=\"https:\/\/www.beratung-mrueegg.ch\/fr\/conditions-generales\/\" \/>\n<meta property=\"og:locale\" content=\"fr_FR\" \/>\n<meta property=\"og:type\" content=\"article\" \/>\n<meta property=\"og:title\" content=\"Conditions G\u00e9n\u00e9rales - Psychosozialberatung Rueegg\" \/>\n<meta property=\"og:description\" content=\"Conditions G\u00e9n\u00e9rales Champ d&rsquo;application Ces conditions g\u00e9n\u00e9rales (CG) s\u2019appliquent \u00e0 toutes les s\u00e9ances d\u2019accompagnement Psychosocial avec M. R\u00fcegg (ci-apr\u00e8s \u00abconseiller\u00bb) et des particuliers (ci-apr\u00e8s \u00abclient\u00bb).En engageant le conseiller, le client accepte ces CG. Objet du contrat Le conseiller fournit des services d\u2019accompagnement psychosocial. Ces services visent \u00e0 soutenir et \u00e0 promouvoir le d\u00e9veloppement personnel et [&hellip;]\" \/>\n<meta property=\"og:url\" content=\"https:\/\/www.beratung-mrueegg.ch\/fr\/conditions-generales\/\" \/>\n<meta property=\"og:site_name\" content=\"Psychosozialberatung Rueegg\" \/>\n<meta property=\"article:modified_time\" content=\"2024-09-23T08:05:46+00:00\" \/>\n<meta name=\"twitter:card\" content=\"summary_large_image\" \/>\n<meta name=\"twitter:label1\" content=\"Dur\u00e9e de lecture estim\u00e9e\" \/>\n\t<meta name=\"twitter:data1\" content=\"2 minutes\" \/>\n<script type=\"application\/ld+json\" class=\"yoast-schema-graph\">{\"@context\":\"https:\\\/\\\/schema.org\",\"@graph\":[{\"@type\":\"WebPage\",\"@id\":\"https:\\\/\\\/www.beratung-mrueegg.ch\\\/fr\\\/conditions-generales\\\/\",\"url\":\"https:\\\/\\\/www.beratung-mrueegg.ch\\\/fr\\\/conditions-generales\\\/\",\"name\":\"Conditions G\u00e9n\u00e9rales - Psychosozialberatung Rueegg\",\"isPartOf\":{\"@id\":\"https:\\\/\\\/www.beratung-mrueegg.ch\\\/fr\\\/#website\"},\"datePublished\":\"2024-09-02T11:40:32+00:00\",\"dateModified\":\"2024-09-23T08:05:46+00:00\",\"breadcrumb\":{\"@id\":\"https:\\\/\\\/www.beratung-mrueegg.ch\\\/fr\\\/conditions-generales\\\/#breadcrumb\"},\"inLanguage\":\"fr-FR\",\"potentialAction\":[{\"@type\":\"ReadAction\",\"target\":[\"https:\\\/\\\/www.beratung-mrueegg.ch\\\/fr\\\/conditions-generales\\\/\"]}]},{\"@type\":\"BreadcrumbList\",\"@id\":\"https:\\\/\\\/www.beratung-mrueegg.ch\\\/fr\\\/conditions-generales\\\/#breadcrumb\",\"itemListElement\":[{\"@type\":\"ListItem\",\"position\":1,\"name\":\"Startseite\",\"item\":\"https:\\\/\\\/www.beratung-mrueegg.ch\\\/fr\\\/\"},{\"@type\":\"ListItem\",\"position\":2,\"name\":\"Conditions G\u00e9n\u00e9rales\"}]},{\"@type\":\"WebSite\",\"@id\":\"https:\\\/\\\/www.beratung-mrueegg.ch\\\/fr\\\/#website\",\"url\":\"https:\\\/\\\/www.beratung-mrueegg.ch\\\/fr\\\/\",\"name\":\"Psychosozialberatung Rueegg\",\"description\":\"Psychosoziale Beratung f\u00fcr pers\u00f6nliche Weiterentwicklung\",\"potentialAction\":[{\"@type\":\"SearchAction\",\"target\":{\"@type\":\"EntryPoint\",\"urlTemplate\":\"https:\\\/\\\/www.beratung-mrueegg.ch\\\/fr\\\/?s={search_term_string}\"},\"query-input\":{\"@type\":\"PropertyValueSpecification\",\"valueRequired\":true,\"valueName\":\"search_term_string\"}}],\"inLanguage\":\"fr-FR\"}]}<\/script>\n<!-- \/ Yoast SEO plugin. -->","yoast_head_json":{"title":"Conditions G\u00e9n\u00e9rales - Psychosozialberatung Rueegg","robots":{"index":"index","follow":"follow","max-snippet":"max-snippet:-1","max-image-preview":"max-image-preview:large","max-video-preview":"max-video-preview:-1"},"canonical":"https:\/\/www.beratung-mrueegg.ch\/fr\/conditions-generales\/","og_locale":"fr_FR","og_type":"article","og_title":"Conditions G\u00e9n\u00e9rales - Psychosozialberatung Rueegg","og_description":"Conditions G\u00e9n\u00e9rales Champ d&rsquo;application Ces conditions g\u00e9n\u00e9rales (CG) s\u2019appliquent \u00e0 toutes les s\u00e9ances d\u2019accompagnement Psychosocial avec M. R\u00fcegg (ci-apr\u00e8s \u00abconseiller\u00bb) et des particuliers (ci-apr\u00e8s \u00abclient\u00bb).En engageant le conseiller, le client accepte ces CG. Objet du contrat Le conseiller fournit des services d\u2019accompagnement psychosocial. Ces services visent \u00e0 soutenir et \u00e0 promouvoir le d\u00e9veloppement personnel et [&hellip;]","og_url":"https:\/\/www.beratung-mrueegg.ch\/fr\/conditions-generales\/","og_site_name":"Psychosozialberatung Rueegg","article_modified_time":"2024-09-23T08:05:46+00:00","twitter_card":"summary_large_image","twitter_misc":{"Dur\u00e9e de lecture estim\u00e9e":"2 minutes"},"schema":{"@context":"https:\/\/schema.org","@graph":[{"@type":"WebPage","@id":"https:\/\/www.beratung-mrueegg.ch\/fr\/conditions-generales\/","url":"https:\/\/www.beratung-mrueegg.ch\/fr\/conditions-generales\/","name":"Conditions G\u00e9n\u00e9rales - Psychosozialberatung Rueegg","isPartOf":{"@id":"https:\/\/www.beratung-mrueegg.ch\/fr\/#website"},"datePublished":"2024-09-02T11:40:32+00:00","dateModified":"2024-09-23T08:05:46+00:00","breadcrumb":{"@id":"https:\/\/www.beratung-mrueegg.ch\/fr\/conditions-generales\/#breadcrumb"},"inLanguage":"fr-FR","potentialAction":[{"@type":"ReadAction","target":["https:\/\/www.beratung-mrueegg.ch\/fr\/conditions-generales\/"]}]},{"@type":"BreadcrumbList","@id":"https:\/\/www.beratung-mrueegg.ch\/fr\/conditions-generales\/#breadcrumb","itemListElement":[{"@type":"ListItem","position":1,"name":"Startseite","item":"https:\/\/www.beratung-mrueegg.ch\/fr\/"},{"@type":"ListItem","position":2,"name":"Conditions G\u00e9n\u00e9rales"}]},{"@type":"WebSite","@id":"https:\/\/www.beratung-mrueegg.ch\/fr\/#website","url":"https:\/\/www.beratung-mrueegg.ch\/fr\/","name":"Psychosozialberatung Rueegg","description":"Psychosoziale Beratung f\u00fcr pers\u00f6nliche Weiterentwicklung","potentialAction":[{"@type":"SearchAction","target":{"@type":"EntryPoint","urlTemplate":"https:\/\/www.beratung-mrueegg.ch\/fr\/?s={search_term_string}"},"query-input":{"@type":"PropertyValueSpecification","valueRequired":true,"valueName":"search_term_string"}}],"inLanguage":"fr-FR"}]}},"_links":{"self":[{"href":"https:\/\/www.beratung-mrueegg.ch\/fr\/wp-json\/wp\/v2\/pages\/531","targetHints":{"allow":["GET"]}}],"collection":[{"href":"https:\/\/www.beratung-mrueegg.ch\/fr\/wp-json\/wp\/v2\/pages"}],"about":[{"href":"https:\/\/www.beratung-mrueegg.ch\/fr\/wp-json\/wp\/v2\/types\/page"}],"author":[{"embeddable":true,"href":"https:\/\/www.beratung-mrueegg.ch\/fr\/wp-json\/wp\/v2\/users\/1"}],"replies":[{"embeddable":true,"href":"https:\/\/www.beratung-mrueegg.ch\/fr\/wp-json\/wp\/v2\/comments?post=531"}],"version-history":[{"count":8,"href":"https:\/\/www.beratung-mrueegg.ch\/fr\/wp-json\/wp\/v2\/pages\/531\/revisions"}],"predecessor-version":[{"id":556,"href":"https:\/\/www.beratung-mrueegg.ch\/fr\/wp-json\/wp\/v2\/pages\/531\/revisions\/556"}],"wp:attachment":[{"href":"https:\/\/www.beratung-mrueegg.ch\/fr\/wp-json\/wp\/v2\/media?parent=531"}],"curies":[{"name":"wp","href":"https:\/\/api.w.org\/{rel}","templated":true}]}}