{"id":302,"date":"2024-05-14T11:35:24","date_gmt":"2024-05-14T09:35:24","guid":{"rendered":"https:\/\/www.beratung-mrueegg.ch\/il-metodo-heartself-intelligence\/"},"modified":"2025-03-10T09:33:48","modified_gmt":"2025-03-10T08:33:48","slug":"il-metodo-heartself-intelligence","status":"publish","type":"page","link":"https:\/\/www.beratung-mrueegg.ch\/it\/il-metodo-heartself-intelligence\/","title":{"rendered":"Il metodo HeartSelf-Intelligence\u00ae"},"content":{"rendered":"\t\t<div data-elementor-type=\"wp-page\" data-elementor-id=\"302\" class=\"elementor elementor-302 elementor-62\" data-elementor-post-type=\"page\">\n\t\t\t\t<div class=\"elementor-element elementor-element-436ec35 e-flex e-con-boxed e-con e-parent\" data-id=\"436ec35\" data-element_type=\"container\" data-e-type=\"container\" data-settings=\"{&quot;background_background&quot;:&quot;classic&quot;}\">\n\t\t\t\t\t<div class=\"e-con-inner\">\n\t\t<div class=\"elementor-element elementor-element-571ff64 e-con-full e-flex e-con e-child\" data-id=\"571ff64\" data-element_type=\"container\" data-e-type=\"container\">\n\t\t\t\t<div class=\"elementor-element elementor-element-f3133c2 elementor-widget elementor-widget-heading\" data-id=\"f3133c2\" data-element_type=\"widget\" data-e-type=\"widget\" data-widget_type=\"heading.default\">\n\t\t\t\t<div class=\"elementor-widget-container\">\n\t\t\t\t\t<h1 class=\"elementor-heading-title elementor-size-default\">Offerta e metodo<\/h1>\t\t\t\t<\/div>\n\t\t\t\t<\/div>\n\t\t\t\t<div class=\"elementor-element elementor-element-f7db882 elementor-widget elementor-widget-text-editor\" data-id=\"f7db882\" data-element_type=\"widget\" data-e-type=\"widget\" data-widget_type=\"text-editor.default\">\n\t\t\t\t<div class=\"elementor-widget-container\">\n\t\t\t\t\t\t\t\t\tConsulenza psicosociale con il metodo HerzSelbst-Intelligenz\u00ae\t\t\t\t\t\t\t\t<\/div>\n\t\t\t\t<\/div>\n\t\t\t\t<\/div>\n\t\t\t\t\t<\/div>\n\t\t\t\t<\/div>\n\t\t<div class=\"elementor-element elementor-element-231bbe7c e-flex e-con-boxed e-con e-parent\" data-id=\"231bbe7c\" data-element_type=\"container\" data-e-type=\"container\" data-settings=\"{&quot;background_background&quot;:&quot;classic&quot;}\">\n\t\t\t\t\t<div class=\"e-con-inner\">\n\t\t<div class=\"elementor-element elementor-element-30585059 e-con-full e-flex e-con e-child\" data-id=\"30585059\" data-element_type=\"container\" data-e-type=\"container\">\n\t\t\t\t<div class=\"elementor-element elementor-element-55067d8a elementor-widget elementor-widget-text-editor\" data-id=\"55067d8a\" data-element_type=\"widget\" data-e-type=\"widget\" data-widget_type=\"text-editor.default\">\n\t\t\t\t<div class=\"elementor-widget-container\">\n\t\t\t\t\t\t\t\t\tSono felice di sonstenerti in situazioni di vita impegnative e di accompaganrti nel tuo percorso personale verso un modo pi\u00f9 consapevole di gestire te stesso e le tue risorse secondo il metodo della HerzSelbst-Intelligenz\u00ae.  Sono contento di conoscerti e di accompagnarti nel tuo percorso personale nell\u2019ambito della consulenza psicosociale.\t\t\t\t\t\t\t\t<\/div>\n\t\t\t\t<\/div>\n\t\t\t\t<div class=\"elementor-element elementor-element-e4e239d elementor-widget elementor-widget-heading\" data-id=\"e4e239d\" data-element_type=\"widget\" data-e-type=\"widget\" data-widget_type=\"heading.default\">\n\t\t\t\t<div class=\"elementor-widget-container\">\n\t\t\t\t\t<h2 class=\"elementor-heading-title elementor-size-default\">Lingue<\/h2>\t\t\t\t<\/div>\n\t\t\t\t<\/div>\n\t\t\t\t<div class=\"elementor-element elementor-element-ab20464 elementor-widget elementor-widget-text-editor\" data-id=\"ab20464\" data-element_type=\"widget\" data-e-type=\"widget\" data-widget_type=\"text-editor.default\">\n\t\t\t\t<div class=\"elementor-widget-container\">\n\t\t\t\t\t\t\t\t\t<p>Parlo correntemente l\u2019italiano, il tedesco e il francese ed offro le mie sedute in queste tre lingue.<\/p>\t\t\t\t\t\t\t\t<\/div>\n\t\t\t\t<\/div>\n\t\t\t\t<div class=\"elementor-element elementor-element-4078165 elementor-widget elementor-widget-heading\" data-id=\"4078165\" data-element_type=\"widget\" data-e-type=\"widget\" data-widget_type=\"heading.default\">\n\t\t\t\t<div class=\"elementor-widget-container\">\n\t\t\t\t\t<h2 class=\"elementor-heading-title elementor-size-default\">Consulenza psicosociale - costi e appuntamenti<\/h2>\t\t\t\t<\/div>\n\t\t\t\t<\/div>\n\t\t\t\t<div class=\"elementor-element elementor-element-7a84284 elementor-widget elementor-widget-text-editor\" data-id=\"7a84284\" data-element_type=\"widget\" data-e-type=\"widget\" data-widget_type=\"text-editor.default\">\n\t\t\t\t<div class=\"elementor-widget-container\">\n\t\t\t\t\t\t\t\t\t<ul><li>Gli appuntamenti possono essere fissati per telefono, per e-mail o tramite il modulo di contatto.<\/li><li>Il costo di ogni sessione (45-60 minuti) \u00e8 di 100 franchi svizzeri.<\/li><li>Gli appuntamenti possono essere annullati gratuitamente fino a 24 ore prima per telefono o per e-mail. Dopo saranno fatturati.<\/li><\/ul>\t\t\t\t\t\t\t\t<\/div>\n\t\t\t\t<\/div>\n\t\t\t\t<div class=\"elementor-element elementor-element-3cef9cd elementor-widget-divider--view-line elementor-widget elementor-widget-divider\" data-id=\"3cef9cd\" data-element_type=\"widget\" data-e-type=\"widget\" data-widget_type=\"divider.default\">\n\t\t\t\t<div class=\"elementor-widget-container\">\n\t\t\t\t\t\t\t<div class=\"elementor-divider\">\n\t\t\t<span class=\"elementor-divider-separator\">\n\t\t\t\t\t\t<\/span>\n\t\t<\/div>\n\t\t\t\t\t\t<\/div>\n\t\t\t\t<\/div>\n\t\t\t\t<\/div>\n\t\t\t\t\t<\/div>\n\t\t\t\t<\/div>\n\t\t<div class=\"elementor-element elementor-element-370ee4a4 e-flex e-con-boxed e-con e-parent\" data-id=\"370ee4a4\" data-element_type=\"container\" data-e-type=\"container\" data-settings=\"{&quot;background_background&quot;:&quot;classic&quot;}\">\n\t\t\t\t\t<div class=\"e-con-inner\">\n\t\t<div class=\"elementor-element elementor-element-46a0fce1 e-con-full e-flex e-con e-child\" data-id=\"46a0fce1\" data-element_type=\"container\" data-e-type=\"container\">\n\t\t\t\t<div class=\"elementor-element elementor-element-f59efaf elementor-widget elementor-widget-heading\" data-id=\"f59efaf\" data-element_type=\"widget\" data-e-type=\"widget\" data-widget_type=\"heading.default\">\n\t\t\t\t<div class=\"elementor-widget-container\">\n\t\t\t\t\t<h2 class=\"elementor-heading-title elementor-size-default\">Il metodo di consulenza<\/h2>\t\t\t\t<\/div>\n\t\t\t\t<\/div>\n\t\t\t\t<div class=\"elementor-element elementor-element-7e65d03 elementor-widget elementor-widget-heading\" data-id=\"7e65d03\" data-element_type=\"widget\" data-e-type=\"widget\" data-widget_type=\"heading.default\">\n\t\t\t\t<div class=\"elementor-widget-container\">\n\t\t\t\t\t<h3 class=\"elementor-heading-title elementor-size-default\">Il metodo HerzSelbst-Intelligenz\u00ae (HSI), (intelligenza emotiva)<\/h3>\t\t\t\t<\/div>\n\t\t\t\t<\/div>\n\t\t\t\t<div class=\"elementor-element elementor-element-48948bd1 elementor-widget elementor-widget-text-editor\" data-id=\"48948bd1\" data-element_type=\"widget\" data-e-type=\"widget\" data-widget_type=\"text-editor.default\">\n\t\t\t\t<div class=\"elementor-widget-container\">\n\t\t\t\t\t\t\t\t\t<p>Il metodo HerzSelbst-Intelligenz\u00ae (HSI) fa parte della psicologia transpersonale ed \u00e8 stato creato e studiato per decenni dalla psicologa Dr. Margret Rueffler. La consulenza secondo il metodo HerzSelbst-Intelligenz\u00ae ti accompagna e ti sostiene in situazioni di vita difficili come il superlavoro, l\u2019esaurimento, lo stress, il burnout, l\u2019insoddisfazione, i disturbi alimentari, i conflitti o le crisi di vita e dopo i ricoveri ospedalieri. Per garantire che gli obiettivi e le soluzioni da trovare siano realistici, sar\u00e0 incluso il tuo ambiente personale.<br \/>La consulenza \u00e8 orientata al processo, alla crescita e alla soluzione ed \u00e8 un approccio olistico che mira all\u2019armonia tra mente e cuore e all\u2019integrazione di corpo, emozioni e pensiero. Sarai guidata in un viaggio verso te stessa, dove si allena la percezione consapevole del corpo, delle percezioni sensoriali e delle strutture di pensiero. Si avvia cos\u00ec un processo di autoresponsabilit\u00e0 e di accettazione di s\u00e9. Gli aspetti positivi vengono rafforzati e i presunti \u201cproblemi\u201d o \u201costacoli\u201d sono visti come opportunit\u00e0 di crescita e incorporati nel processo.<\/p><p>In questo viaggio interiore, la focalizzazione su te stesso svolge un ruolo centrale. Questo avviene attraverso la percezione del cuore. Entrando in contatto con il cuore e dirigendo la percezione completamente verso l\u2019interiore, si rafforza il centro della tua personalit\u00e0 e si allena l\u2019osservatore interiore. Questo ti aiuta a uscire da vecchi schemi comportamentali e di pensiero e a trovare la via per un nuovo atteggiamento interiore.<\/p><p>Nel metodo HSI l\u2019attenzione non \u00e8 rivolta al passato della cliente\/del cliente ma \u00e8 fondamentalmente incentrata sul presente e sul futuro.<\/p>\t\t\t\t\t\t\t\t<\/div>\n\t\t\t\t<\/div>\n\t\t\t\t<div class=\"elementor-element elementor-element-8ab2962 elementor-widget elementor-widget-heading\" data-id=\"8ab2962\" data-element_type=\"widget\" data-e-type=\"widget\" data-widget_type=\"heading.default\">\n\t\t\t\t<div class=\"elementor-widget-container\">\n\t\t\t\t\t<h3 class=\"elementor-heading-title elementor-size-default\">Il mio ruolo di consulente<\/h3>\t\t\t\t<\/div>\n\t\t\t\t<\/div>\n\t\t\t\t<div class=\"elementor-element elementor-element-685b91d elementor-widget elementor-widget-text-editor\" data-id=\"685b91d\" data-element_type=\"widget\" data-e-type=\"widget\" data-widget_type=\"text-editor.default\">\n\t\t\t\t<div class=\"elementor-widget-container\">\n\t\t\t\t\t\t\t\t\t<p>Durante il processo di consulenza sar\u00f2 il tuo accompagnatore e ti guider\u00f2 nel percorso verso l\u2019obiettivo che hai scelto. Adotto un atteggiamento di ascolto et d\u2019accompagnamento e mi concentro sul tuo potenziale. Poich\u00e9 sei l\u2019attrice principale del processo che guido, mi adatto al tuo ritmo individuale.<\/p><p>L\u2019istituto di formazione e il metodo HerzSelbst-Intelligenz\u00ae sono riconosciuti dall\u2019Associazione Svizzera di Consulenza (SGfB).<\/p>\t\t\t\t\t\t\t\t<\/div>\n\t\t\t\t<\/div>\n\t\t\t\t<div class=\"elementor-element elementor-element-7836b86 elementor-widget elementor-widget-image\" data-id=\"7836b86\" data-element_type=\"widget\" data-e-type=\"widget\" data-widget_type=\"image.default\">\n\t\t\t\t<div class=\"elementor-widget-container\">\n\t\t\t\t\t\t\t\t\t\t\t\t\t\t\t<img fetchpriority=\"high\" decoding=\"async\" width=\"768\" height=\"384\" src=\"https:\/\/www.beratung-mrueegg.ch\/wp-content\/uploads\/2024\/06\/sgfb-logo-transparent1-768x384.png\" class=\"attachment-medium_large size-medium_large wp-image-295\" alt=\"\" srcset=\"https:\/\/www.beratung-mrueegg.ch\/wp-content\/uploads\/2024\/06\/sgfb-logo-transparent1-768x384.png 768w, https:\/\/www.beratung-mrueegg.ch\/wp-content\/uploads\/2024\/06\/sgfb-logo-transparent1-300x150.png 300w, https:\/\/www.beratung-mrueegg.ch\/wp-content\/uploads\/2024\/06\/sgfb-logo-transparent1.png 800w\" sizes=\"(max-width: 768px) 100vw, 768px\" \/>\t\t\t\t\t\t\t\t\t\t\t\t\t\t\t<\/div>\n\t\t\t\t<\/div>\n\t\t\t\t<\/div>\n\t\t\t\t\t<\/div>\n\t\t\t\t<\/div>\n\t\t<div class=\"elementor-element elementor-element-7e363e8 e-flex e-con-boxed e-con e-parent\" data-id=\"7e363e8\" data-element_type=\"container\" data-e-type=\"container\">\n\t\t\t\t\t<div class=\"e-con-inner\">\n\t\t<a class=\"elementor-element elementor-element-f01498b e-con-full e-flex e-con e-child\" data-id=\"f01498b\" data-element_type=\"container\" data-e-type=\"container\" data-settings=\"{&quot;background_background&quot;:&quot;classic&quot;}\" href=\"https:\/\/www.beratung-mrueegg.ch\/it\/\">\n\t\t\t\t<div class=\"elementor-element elementor-element-db73173 e-transform elementor-widget elementor-widget-text-editor\" data-id=\"db73173\" data-element_type=\"widget\" data-e-type=\"widget\" data-settings=\"{&quot;_transform_scale_effect_hover&quot;:{&quot;unit&quot;:&quot;px&quot;,&quot;size&quot;:1.1999999999999999555910790149937383830547332763671875,&quot;sizes&quot;:[]},&quot;_transform_scale_effect_hover_tablet&quot;:{&quot;unit&quot;:&quot;px&quot;,&quot;size&quot;:&quot;&quot;,&quot;sizes&quot;:[]},&quot;_transform_scale_effect_hover_mobile&quot;:{&quot;unit&quot;:&quot;px&quot;,&quot;size&quot;:&quot;&quot;,&quot;sizes&quot;:[]}}\" data-widget_type=\"text-editor.default\">\n\t\t\t\t<div class=\"elementor-widget-container\">\n\t\t\t\t\t\t\t\t\t<p>Home<\/p>\n\t\t\t\t\t\t\t\t<\/div>\n\t\t\t\t<\/div>\n\t\t\t\t<\/a>\n\t\t<a class=\"elementor-element elementor-element-64cfa13 e-con-full e-flex e-con e-child\" data-id=\"64cfa13\" data-element_type=\"container\" data-e-type=\"container\" data-settings=\"{&quot;background_background&quot;:&quot;classic&quot;}\" href=\"https:\/\/www.beratung-mrueegg.ch\/it\/chi-sono\/\">\n\t\t\t\t<div class=\"elementor-element elementor-element-313808d e-transform elementor-widget elementor-widget-text-editor\" data-id=\"313808d\" data-element_type=\"widget\" data-e-type=\"widget\" data-settings=\"{&quot;_transform_scale_effect_hover&quot;:{&quot;unit&quot;:&quot;px&quot;,&quot;size&quot;:1.1999999999999999555910790149937383830547332763671875,&quot;sizes&quot;:[]},&quot;_transform_scale_effect_hover_tablet&quot;:{&quot;unit&quot;:&quot;px&quot;,&quot;size&quot;:&quot;&quot;,&quot;sizes&quot;:[]},&quot;_transform_scale_effect_hover_mobile&quot;:{&quot;unit&quot;:&quot;px&quot;,&quot;size&quot;:&quot;&quot;,&quot;sizes&quot;:[]}}\" data-widget_type=\"text-editor.default\">\n\t\t\t\t<div class=\"elementor-widget-container\">\n\t\t\t\t\t\t\t\t\t<p>Chi sono<\/p>\n\t\t\t\t\t\t\t\t<\/div>\n\t\t\t\t<\/div>\n\t\t\t\t<\/a>\n\t\t<a class=\"elementor-element elementor-element-081e86f e-con-full e-flex e-con e-child\" data-id=\"081e86f\" data-element_type=\"container\" data-e-type=\"container\" data-settings=\"{&quot;background_background&quot;:&quot;classic&quot;}\" href=\"https:\/\/www.beratung-mrueegg.ch\/it\/contatto\/\">\n\t\t\t\t<div class=\"elementor-element elementor-element-b92b418 e-transform elementor-widget elementor-widget-text-editor\" data-id=\"b92b418\" data-element_type=\"widget\" data-e-type=\"widget\" data-settings=\"{&quot;_transform_scale_effect_hover&quot;:{&quot;unit&quot;:&quot;px&quot;,&quot;size&quot;:1.1999999999999999555910790149937383830547332763671875,&quot;sizes&quot;:[]},&quot;_transform_scale_effect_hover_tablet&quot;:{&quot;unit&quot;:&quot;px&quot;,&quot;size&quot;:&quot;&quot;,&quot;sizes&quot;:[]},&quot;_transform_scale_effect_hover_mobile&quot;:{&quot;unit&quot;:&quot;px&quot;,&quot;size&quot;:&quot;&quot;,&quot;sizes&quot;:[]}}\" data-widget_type=\"text-editor.default\">\n\t\t\t\t<div class=\"elementor-widget-container\">\n\t\t\t\t\t\t\t\t\t<p>Contatto<\/p>\n\t\t\t\t\t\t\t\t<\/div>\n\t\t\t\t<\/div>\n\t\t\t\t<\/a>\n\t\t\t\t\t<\/div>\n\t\t\t\t<\/div>\n\t\t\t\t<\/div>\n\t\t","protected":false},"excerpt":{"rendered":"<p>Offerta e metodo Consulenza psicosociale con il metodo HerzSelbst-Intelligenz\u00aeSono felice di sonstenerti in situazioni di vita impegnative e di accompaganrti nel tuo percorso personale verso un modo pi\u00f9 consapevole di gestire te stesso e le tue risorse secondo il metodo della HerzSelbst-Intelligenz\u00ae. Sono contento di conoscerti e di accompagnarti nel tuo percorso personale nell\u2019ambito della [&hellip;]<\/p>\n","protected":false},"author":1,"featured_media":0,"parent":0,"menu_order":0,"comment_status":"closed","ping_status":"closed","template":"","meta":{"footnotes":""},"class_list":["post-302","page","type-page","status-publish","hentry"],"yoast_head":"<!-- This site is optimized with the Yoast SEO plugin v27.3 - https:\/\/yoast.com\/product\/yoast-seo-wordpress\/ -->\n<title>Consulenza HerzSelbst-Intelligenz\u00ae a Sierre \u2013 M. R\u00fcegg<\/title>\n<meta name=\"description\" content=\"Consulenza psicosociale a Sierre con il metodo HerzSelbst-Intelligenz\u00ae. Supporto in caso di stress, burnout e crisi personali.\" \/>\n<meta name=\"robots\" content=\"index, follow, max-snippet:-1, max-image-preview:large, max-video-preview:-1\" \/>\n<link rel=\"canonical\" href=\"https:\/\/www.beratung-mrueegg.ch\/it\/il-metodo-heartself-intelligence\/\" \/>\n<meta property=\"og:locale\" content=\"it_IT\" \/>\n<meta property=\"og:type\" content=\"article\" \/>\n<meta property=\"og:title\" content=\"Consulenza HerzSelbst-Intelligenz\u00ae a Sierre \u2013 M. R\u00fcegg\" \/>\n<meta property=\"og:description\" content=\"Consulenza psicosociale a Sierre con il metodo HerzSelbst-Intelligenz\u00ae. Supporto in caso di stress, burnout e crisi personali.\" \/>\n<meta property=\"og:url\" content=\"https:\/\/www.beratung-mrueegg.ch\/it\/il-metodo-heartself-intelligence\/\" \/>\n<meta property=\"og:site_name\" content=\"Psychosozialberatung Rueegg\" \/>\n<meta property=\"article:modified_time\" content=\"2025-03-10T08:33:48+00:00\" \/>\n<meta property=\"og:image\" content=\"https:\/\/www.beratung-mrueegg.ch\/wp-content\/uploads\/2024\/06\/sgfb-logo-transparent1-768x384.png\" \/>\n<meta name=\"twitter:card\" content=\"summary_large_image\" \/>\n<meta name=\"twitter:label1\" content=\"Tempo di lettura stimato\" \/>\n\t<meta name=\"twitter:data1\" content=\"3 minuti\" \/>\n<script type=\"application\/ld+json\" class=\"yoast-schema-graph\">{\"@context\":\"https:\\\/\\\/schema.org\",\"@graph\":[{\"@type\":\"WebPage\",\"@id\":\"https:\\\/\\\/www.beratung-mrueegg.ch\\\/it\\\/il-metodo-heartself-intelligence\\\/\",\"url\":\"https:\\\/\\\/www.beratung-mrueegg.ch\\\/it\\\/il-metodo-heartself-intelligence\\\/\",\"name\":\"Consulenza HerzSelbst-Intelligenz\u00ae a Sierre \u2013 M. R\u00fcegg\",\"isPartOf\":{\"@id\":\"https:\\\/\\\/www.beratung-mrueegg.ch\\\/it\\\/#website\"},\"primaryImageOfPage\":{\"@id\":\"https:\\\/\\\/www.beratung-mrueegg.ch\\\/it\\\/il-metodo-heartself-intelligence\\\/#primaryimage\"},\"image\":{\"@id\":\"https:\\\/\\\/www.beratung-mrueegg.ch\\\/it\\\/il-metodo-heartself-intelligence\\\/#primaryimage\"},\"thumbnailUrl\":\"https:\\\/\\\/www.beratung-mrueegg.ch\\\/wp-content\\\/uploads\\\/2024\\\/06\\\/sgfb-logo-transparent1-768x384.png\",\"datePublished\":\"2024-05-14T09:35:24+00:00\",\"dateModified\":\"2025-03-10T08:33:48+00:00\",\"description\":\"Consulenza psicosociale a Sierre con il metodo HerzSelbst-Intelligenz\u00ae. Supporto in caso di stress, burnout e crisi personali.\",\"breadcrumb\":{\"@id\":\"https:\\\/\\\/www.beratung-mrueegg.ch\\\/it\\\/il-metodo-heartself-intelligence\\\/#breadcrumb\"},\"inLanguage\":\"it-IT\",\"potentialAction\":[{\"@type\":\"ReadAction\",\"target\":[\"https:\\\/\\\/www.beratung-mrueegg.ch\\\/it\\\/il-metodo-heartself-intelligence\\\/\"]}]},{\"@type\":\"ImageObject\",\"inLanguage\":\"it-IT\",\"@id\":\"https:\\\/\\\/www.beratung-mrueegg.ch\\\/it\\\/il-metodo-heartself-intelligence\\\/#primaryimage\",\"url\":\"https:\\\/\\\/www.beratung-mrueegg.ch\\\/wp-content\\\/uploads\\\/2024\\\/06\\\/sgfb-logo-transparent1-768x384.png\",\"contentUrl\":\"https:\\\/\\\/www.beratung-mrueegg.ch\\\/wp-content\\\/uploads\\\/2024\\\/06\\\/sgfb-logo-transparent1-768x384.png\"},{\"@type\":\"BreadcrumbList\",\"@id\":\"https:\\\/\\\/www.beratung-mrueegg.ch\\\/it\\\/il-metodo-heartself-intelligence\\\/#breadcrumb\",\"itemListElement\":[{\"@type\":\"ListItem\",\"position\":1,\"name\":\"Startseite\",\"item\":\"https:\\\/\\\/www.beratung-mrueegg.ch\\\/it\\\/\"},{\"@type\":\"ListItem\",\"position\":2,\"name\":\"Il metodo HeartSelf-Intelligence\u00ae\"}]},{\"@type\":\"WebSite\",\"@id\":\"https:\\\/\\\/www.beratung-mrueegg.ch\\\/it\\\/#website\",\"url\":\"https:\\\/\\\/www.beratung-mrueegg.ch\\\/it\\\/\",\"name\":\"Psychosozialberatung Rueegg\",\"description\":\"Psychosoziale Beratung f\u00fcr pers\u00f6nliche Weiterentwicklung\",\"potentialAction\":[{\"@type\":\"SearchAction\",\"target\":{\"@type\":\"EntryPoint\",\"urlTemplate\":\"https:\\\/\\\/www.beratung-mrueegg.ch\\\/it\\\/?s={search_term_string}\"},\"query-input\":{\"@type\":\"PropertyValueSpecification\",\"valueRequired\":true,\"valueName\":\"search_term_string\"}}],\"inLanguage\":\"it-IT\"}]}<\/script>\n<!-- \/ Yoast SEO plugin. -->","yoast_head_json":{"title":"Consulenza HerzSelbst-Intelligenz\u00ae a Sierre \u2013 M. R\u00fcegg","description":"Consulenza psicosociale a Sierre con il metodo HerzSelbst-Intelligenz\u00ae. Supporto in caso di stress, burnout e crisi personali.","robots":{"index":"index","follow":"follow","max-snippet":"max-snippet:-1","max-image-preview":"max-image-preview:large","max-video-preview":"max-video-preview:-1"},"canonical":"https:\/\/www.beratung-mrueegg.ch\/it\/il-metodo-heartself-intelligence\/","og_locale":"it_IT","og_type":"article","og_title":"Consulenza HerzSelbst-Intelligenz\u00ae a Sierre \u2013 M. R\u00fcegg","og_description":"Consulenza psicosociale a Sierre con il metodo HerzSelbst-Intelligenz\u00ae. Supporto in caso di stress, burnout e crisi personali.","og_url":"https:\/\/www.beratung-mrueegg.ch\/it\/il-metodo-heartself-intelligence\/","og_site_name":"Psychosozialberatung Rueegg","article_modified_time":"2025-03-10T08:33:48+00:00","og_image":[{"url":"https:\/\/www.beratung-mrueegg.ch\/wp-content\/uploads\/2024\/06\/sgfb-logo-transparent1-768x384.png","type":"","width":"","height":""}],"twitter_card":"summary_large_image","twitter_misc":{"Tempo di lettura stimato":"3 minuti"},"schema":{"@context":"https:\/\/schema.org","@graph":[{"@type":"WebPage","@id":"https:\/\/www.beratung-mrueegg.ch\/it\/il-metodo-heartself-intelligence\/","url":"https:\/\/www.beratung-mrueegg.ch\/it\/il-metodo-heartself-intelligence\/","name":"Consulenza HerzSelbst-Intelligenz\u00ae a Sierre \u2013 M. R\u00fcegg","isPartOf":{"@id":"https:\/\/www.beratung-mrueegg.ch\/it\/#website"},"primaryImageOfPage":{"@id":"https:\/\/www.beratung-mrueegg.ch\/it\/il-metodo-heartself-intelligence\/#primaryimage"},"image":{"@id":"https:\/\/www.beratung-mrueegg.ch\/it\/il-metodo-heartself-intelligence\/#primaryimage"},"thumbnailUrl":"https:\/\/www.beratung-mrueegg.ch\/wp-content\/uploads\/2024\/06\/sgfb-logo-transparent1-768x384.png","datePublished":"2024-05-14T09:35:24+00:00","dateModified":"2025-03-10T08:33:48+00:00","description":"Consulenza psicosociale a Sierre con il metodo HerzSelbst-Intelligenz\u00ae. Supporto in caso di stress, burnout e crisi personali.","breadcrumb":{"@id":"https:\/\/www.beratung-mrueegg.ch\/it\/il-metodo-heartself-intelligence\/#breadcrumb"},"inLanguage":"it-IT","potentialAction":[{"@type":"ReadAction","target":["https:\/\/www.beratung-mrueegg.ch\/it\/il-metodo-heartself-intelligence\/"]}]},{"@type":"ImageObject","inLanguage":"it-IT","@id":"https:\/\/www.beratung-mrueegg.ch\/it\/il-metodo-heartself-intelligence\/#primaryimage","url":"https:\/\/www.beratung-mrueegg.ch\/wp-content\/uploads\/2024\/06\/sgfb-logo-transparent1-768x384.png","contentUrl":"https:\/\/www.beratung-mrueegg.ch\/wp-content\/uploads\/2024\/06\/sgfb-logo-transparent1-768x384.png"},{"@type":"BreadcrumbList","@id":"https:\/\/www.beratung-mrueegg.ch\/it\/il-metodo-heartself-intelligence\/#breadcrumb","itemListElement":[{"@type":"ListItem","position":1,"name":"Startseite","item":"https:\/\/www.beratung-mrueegg.ch\/it\/"},{"@type":"ListItem","position":2,"name":"Il metodo HeartSelf-Intelligence\u00ae"}]},{"@type":"WebSite","@id":"https:\/\/www.beratung-mrueegg.ch\/it\/#website","url":"https:\/\/www.beratung-mrueegg.ch\/it\/","name":"Psychosozialberatung Rueegg","description":"Psychosoziale Beratung f\u00fcr pers\u00f6nliche Weiterentwicklung","potentialAction":[{"@type":"SearchAction","target":{"@type":"EntryPoint","urlTemplate":"https:\/\/www.beratung-mrueegg.ch\/it\/?s={search_term_string}"},"query-input":{"@type":"PropertyValueSpecification","valueRequired":true,"valueName":"search_term_string"}}],"inLanguage":"it-IT"}]}},"_links":{"self":[{"href":"https:\/\/www.beratung-mrueegg.ch\/it\/wp-json\/wp\/v2\/pages\/302","targetHints":{"allow":["GET"]}}],"collection":[{"href":"https:\/\/www.beratung-mrueegg.ch\/it\/wp-json\/wp\/v2\/pages"}],"about":[{"href":"https:\/\/www.beratung-mrueegg.ch\/it\/wp-json\/wp\/v2\/types\/page"}],"author":[{"embeddable":true,"href":"https:\/\/www.beratung-mrueegg.ch\/it\/wp-json\/wp\/v2\/users\/1"}],"replies":[{"embeddable":true,"href":"https:\/\/www.beratung-mrueegg.ch\/it\/wp-json\/wp\/v2\/comments?post=302"}],"version-history":[{"count":19,"href":"https:\/\/www.beratung-mrueegg.ch\/it\/wp-json\/wp\/v2\/pages\/302\/revisions"}],"predecessor-version":[{"id":630,"href":"https:\/\/www.beratung-mrueegg.ch\/it\/wp-json\/wp\/v2\/pages\/302\/revisions\/630"}],"wp:attachment":[{"href":"https:\/\/www.beratung-mrueegg.ch\/it\/wp-json\/wp\/v2\/media?parent=302"}],"curies":[{"name":"wp","href":"https:\/\/api.w.org\/{rel}","templated":true}]}}